{"id":387,"date":"2022-10-30T18:00:46","date_gmt":"2022-10-30T17:00:46","guid":{"rendered":"http:\/\/umkjlli.cluster030.hosting.ovh.net\/?page_id=387"},"modified":"2023-10-21T10:38:00","modified_gmt":"2023-10-21T08:38:00","slug":"quelques-vues-typiques","status":"publish","type":"page","link":"http:\/\/collegiale-saint-piat-seclin.fr\/?page_id=387","title":{"rendered":"Quelques vues typiques"},"content":{"rendered":"\n<p class=\"has-extra-small-font-size\"><br>Mis \u00e0 jour le 17 novembre 2020<\/p>\n\n\n\n<div class=\"wp-block-columns is-layout-flex wp-container-core-columns-is-layout-9d6595d7 wp-block-columns-is-layout-flex\">\n<div class=\"wp-block-column is-layout-flow wp-block-column-is-layout-flow\">\n<figure class=\"wp-block-image size-full\"><img loading=\"lazy\" decoding=\"async\" width=\"379\" height=\"593\" src=\"http:\/\/umkjlli.cluster030.hosting.ovh.net\/wp-content\/uploads\/2022\/10\/CPT1.jpg\" alt=\"\" class=\"wp-image-312\" srcset=\"http:\/\/collegiale-saint-piat-seclin.fr\/wp-content\/uploads\/2022\/10\/CPT1.jpg 379w, http:\/\/collegiale-saint-piat-seclin.fr\/wp-content\/uploads\/2022\/10\/CPT1-192x300.jpg 192w\" sizes=\"auto, (max-width: 379px) 100vw, 379px\" \/><\/figure>\n<\/div>\n\n\n\n<div class=\"wp-block-column is-layout-flow wp-block-column-is-layout-flow\">\n<p class=\"has-extra-small-font-size\"><br><br><br><br>Cette repr\u00e9sentation de la coll\u00e9giale Saint-Piat de Seclin est extraite de l&rsquo;album de Charles de Cro\u00ff (1560-1612).<\/p>\n\n\n\n<p class=\"has-extra-small-font-size\">La masse imposante de l&rsquo;\u00e9difice est contrebalanc\u00e9e par l&rsquo;\u00e9l\u00e9gance de la tour du clocher soulign\u00e9e par une balustrade d\u00e9cor\u00e9e, les quatre clochetons et la fl\u00e8che \u00e9lanc\u00e9e.<\/p>\n\n\n\n<p class=\"has-extra-small-font-size\">H\u00e9las, le 27 mars 1606, un ouragan abat le clocher.<\/p>\n<\/div>\n<\/div>\n\n\n\n<div class=\"wp-block-columns is-layout-flex wp-container-core-columns-is-layout-9d6595d7 wp-block-columns-is-layout-flex\">\n<div class=\"wp-block-column is-layout-flow wp-block-column-is-layout-flow\" style=\"flex-basis:33.33%\">\n<p class=\"has-extra-small-font-size\"><br>Fa\u00e7ade de la coll\u00e9giale Saint-Piat avant les travaux d&#8217;embellissement r\u00e9alis\u00e9s de 1896 \u00e0 1901, l&rsquo;abb\u00e9 Auguste Laurent Helle \u00e9tant cur\u00e9-doyen de Saint-Piat.<br><br>Fonds Jean-Paul Thorez<\/p>\n<\/div>\n\n\n\n<div class=\"wp-block-column is-layout-flow wp-block-column-is-layout-flow\" style=\"flex-basis:66.66%\">\n<figure class=\"wp-block-image size-full is-style-twentytwentyone-border\"><img loading=\"lazy\" decoding=\"async\" width=\"585\" height=\"452\" src=\"http:\/\/umkjlli.cluster030.hosting.ovh.net\/wp-content\/uploads\/2022\/10\/CPT2.bmp\" alt=\"\" class=\"wp-image-314\" srcset=\"http:\/\/collegiale-saint-piat-seclin.fr\/wp-content\/uploads\/2022\/10\/CPT2.bmp 585w, http:\/\/collegiale-saint-piat-seclin.fr\/wp-content\/uploads\/2022\/10\/CPT2-300x232.jpg 300w\" sizes=\"auto, (max-width: 585px) 100vw, 585px\" \/><\/figure>\n<\/div>\n<\/div>\n\n\n\n<div class=\"wp-block-columns is-layout-flex wp-container-core-columns-is-layout-9d6595d7 wp-block-columns-is-layout-flex\">\n<div class=\"wp-block-column is-layout-flow wp-block-column-is-layout-flow\" style=\"flex-basis:66.66%\">\n<figure class=\"wp-block-image size-large is-style-twentytwentyone-border\"><img loading=\"lazy\" decoding=\"async\" width=\"1024\" height=\"672\" src=\"http:\/\/umkjlli.cluster030.hosting.ovh.net\/wp-content\/uploads\/2022\/10\/CPT3-1024x672.jpg\" alt=\"\" class=\"wp-image-315\" srcset=\"http:\/\/collegiale-saint-piat-seclin.fr\/wp-content\/uploads\/2022\/10\/CPT3-1024x672.jpg 1024w, http:\/\/collegiale-saint-piat-seclin.fr\/wp-content\/uploads\/2022\/10\/CPT3-300x197.jpg 300w, http:\/\/collegiale-saint-piat-seclin.fr\/wp-content\/uploads\/2022\/10\/CPT3-768x504.jpg 768w, http:\/\/collegiale-saint-piat-seclin.fr\/wp-content\/uploads\/2022\/10\/CPT3-1536x1007.jpg 1536w, http:\/\/collegiale-saint-piat-seclin.fr\/wp-content\/uploads\/2022\/10\/CPT3-1568x1028.jpg 1568w, http:\/\/collegiale-saint-piat-seclin.fr\/wp-content\/uploads\/2022\/10\/CPT3.jpg 1630w\" sizes=\"auto, (max-width: 1024px) 100vw, 1024px\" \/><\/figure>\n<\/div>\n\n\n\n<div class=\"wp-block-column is-layout-flow wp-block-column-is-layout-flow\" style=\"flex-basis:33.33%\">\n<p class=\"has-extra-small-font-size\">La coll\u00e9giale Saint-Piat telle que les Seclinois purent la voir apr\u00e8s les travaux et jusqu&rsquo;aux destructions de la Premi\u00e8re Guerre mondiale.<br><br>Collection Fr\u00e9d\u00e9rick Desmons<\/p>\n<\/div>\n<\/div>\n\n\n\n<div class=\"wp-block-columns is-layout-flex wp-container-core-columns-is-layout-9d6595d7 wp-block-columns-is-layout-flex\">\n<div class=\"wp-block-column is-layout-flow wp-block-column-is-layout-flow\">\n<p class=\"has-extra-small-font-size\"><br><br><br><br><br><br>Aper\u00e7u sur le d\u00e9ambulatoire nord et l&rsquo;ancien autel d\u00e9di\u00e9 \u00e0 Notre-Dame du Rosaire dans le transept nord. Cet autel n&rsquo;a pas \u00e9t\u00e9 conserv\u00e9. <br>Le chanoine Leuridan le d\u00e9crit ainsi : \u00ab\u00a0<em>C&rsquo;est un \u00e9chafaudage d&rsquo;ornements en bois pseudo gothiques, de mauvais go\u00fbt<\/em>.\u00a0\u00bb<br><br><br>Collection Fr\u00e9d\u00e9rick Desmons<\/p>\n<\/div>\n\n\n\n<div class=\"wp-block-column is-layout-flow wp-block-column-is-layout-flow\">\n<figure class=\"wp-block-image size-large is-style-twentytwentyone-border\"><img loading=\"lazy\" decoding=\"async\" width=\"643\" height=\"1024\" src=\"http:\/\/umkjlli.cluster030.hosting.ovh.net\/wp-content\/uploads\/2022\/10\/CPT5-643x1024.jpg\" alt=\"\" class=\"wp-image-317\" srcset=\"http:\/\/collegiale-saint-piat-seclin.fr\/wp-content\/uploads\/2022\/10\/CPT5-643x1024.jpg 643w, http:\/\/collegiale-saint-piat-seclin.fr\/wp-content\/uploads\/2022\/10\/CPT5-188x300.jpg 188w, http:\/\/collegiale-saint-piat-seclin.fr\/wp-content\/uploads\/2022\/10\/CPT5-768x1223.jpg 768w, http:\/\/collegiale-saint-piat-seclin.fr\/wp-content\/uploads\/2022\/10\/CPT5-965x1536.jpg 965w, http:\/\/collegiale-saint-piat-seclin.fr\/wp-content\/uploads\/2022\/10\/CPT5.jpg 1030w\" sizes=\"auto, (max-width: 643px) 100vw, 643px\" \/><\/figure>\n<\/div>\n<\/div>\n\n\n\n<div class=\"wp-block-columns is-layout-flex wp-container-core-columns-is-layout-9d6595d7 wp-block-columns-is-layout-flex\">\n<div class=\"wp-block-column is-layout-flow wp-block-column-is-layout-flow\">\n<figure class=\"wp-block-image size-full is-style-twentytwentyone-border\"><img loading=\"lazy\" decoding=\"async\" width=\"252\" height=\"402\" src=\"http:\/\/umkjlli.cluster030.hosting.ovh.net\/wp-content\/uploads\/2022\/10\/CPT6.jpeg\" alt=\"\" class=\"wp-image-318\" srcset=\"http:\/\/collegiale-saint-piat-seclin.fr\/wp-content\/uploads\/2022\/10\/CPT6.jpeg 252w, http:\/\/collegiale-saint-piat-seclin.fr\/wp-content\/uploads\/2022\/10\/CPT6-188x300.jpeg 188w\" sizes=\"auto, (max-width: 252px) 100vw, 252px\" \/><\/figure>\n<\/div>\n\n\n\n<div class=\"wp-block-column is-layout-flow wp-block-column-is-layout-flow\">\n<p class=\"has-extra-small-font-size\"><br><br><br><br>Dans le transept sud, l&rsquo;autel de saint Piat dat\u00e9 de 1880 comme l&rsquo;indique l&rsquo;inscription latine grav\u00e9e dans un marbre blanc : <em>\u00ab\u00a0S. Piato Secliniensium pietas erexit 1880<\/em>\u00ab\u00a0. Laquelle peut \u00eatre traduite ainsi : <em>La pi\u00e9t\u00e9 des Seclinois a \u00e9rig\u00e9<\/em> [cet autel] <em>\u00e0 saint Piat en 1880<\/em>.<br><br><br>Collection Rose-Marie Hugot<\/p>\n<\/div>\n<\/div>\n\n\n\n<div class=\"wp-block-columns is-layout-flex wp-container-core-columns-is-layout-9d6595d7 wp-block-columns-is-layout-flex\">\n<div class=\"wp-block-column is-layout-flow wp-block-column-is-layout-flow\">\n<p class=\"has-extra-small-font-size\"><br><br><br><br><br><br><br>Le ch\u0153ur de la coll\u00e9giale Saint-Piat pavois\u00e9.<br>Sur le c\u00f4t\u00e9 de l&rsquo;autel, \u00e0 gauche en le regardant, on distingue la ch\u00e2sse de saint Piat &#8211; celle de 1853 &#8211; actuellement dans le d\u00e9ambulatoire sud.<br><br><br>Collection Fr\u00e9d\u00e9rick Desmons<\/p>\n<\/div>\n\n\n\n<div class=\"wp-block-column is-layout-flow wp-block-column-is-layout-flow\">\n<figure class=\"wp-block-image size-large is-style-twentytwentyone-border\"><img loading=\"lazy\" decoding=\"async\" width=\"644\" height=\"1024\" src=\"http:\/\/umkjlli.cluster030.hosting.ovh.net\/wp-content\/uploads\/2022\/10\/CPT7-644x1024.jpg\" alt=\"\" class=\"wp-image-319\" srcset=\"http:\/\/collegiale-saint-piat-seclin.fr\/wp-content\/uploads\/2022\/10\/CPT7-644x1024.jpg 644w, http:\/\/collegiale-saint-piat-seclin.fr\/wp-content\/uploads\/2022\/10\/CPT7-189x300.jpg 189w, http:\/\/collegiale-saint-piat-seclin.fr\/wp-content\/uploads\/2022\/10\/CPT7-768x1221.jpg 768w, http:\/\/collegiale-saint-piat-seclin.fr\/wp-content\/uploads\/2022\/10\/CPT7-966x1536.jpg 966w, http:\/\/collegiale-saint-piat-seclin.fr\/wp-content\/uploads\/2022\/10\/CPT7.jpg 1050w\" sizes=\"auto, (max-width: 644px) 100vw, 644px\" \/><\/figure>\n<\/div>\n<\/div>\n\n\n\n<div class=\"wp-block-columns is-layout-flex wp-container-core-columns-is-layout-9d6595d7 wp-block-columns-is-layout-flex\">\n<div class=\"wp-block-column is-layout-flow wp-block-column-is-layout-flow\" style=\"flex-basis:66.66%\">\n<figure class=\"wp-block-image size-large is-style-twentytwentyone-border\"><img loading=\"lazy\" decoding=\"async\" width=\"1024\" height=\"658\" src=\"http:\/\/umkjlli.cluster030.hosting.ovh.net\/wp-content\/uploads\/2022\/10\/CPT8-1024x658.jpg\" alt=\"\" class=\"wp-image-320\" srcset=\"http:\/\/collegiale-saint-piat-seclin.fr\/wp-content\/uploads\/2022\/10\/CPT8-1024x658.jpg 1024w, http:\/\/collegiale-saint-piat-seclin.fr\/wp-content\/uploads\/2022\/10\/CPT8-300x193.jpg 300w, http:\/\/collegiale-saint-piat-seclin.fr\/wp-content\/uploads\/2022\/10\/CPT8-768x493.jpg 768w, http:\/\/collegiale-saint-piat-seclin.fr\/wp-content\/uploads\/2022\/10\/CPT8-1536x986.jpg 1536w, http:\/\/collegiale-saint-piat-seclin.fr\/wp-content\/uploads\/2022\/10\/CPT8-1568x1007.jpg 1568w, http:\/\/collegiale-saint-piat-seclin.fr\/wp-content\/uploads\/2022\/10\/CPT8.jpg 1652w\" sizes=\"auto, (max-width: 1024px) 100vw, 1024px\" \/><\/figure>\n<\/div>\n\n\n\n<div class=\"wp-block-column is-layout-flow wp-block-column-is-layout-flow\" style=\"flex-basis:33.33%\">\n<p class=\"has-extra-small-font-size\">L&rsquo;Int\u00e9rieur de la coll\u00e9giale Saint-Piat apr\u00e8s le dynamitage par les troupes allemandes en 1918.<br><br>Collection Fr\u00e9d\u00e9rick Desmons<\/p>\n<\/div>\n<\/div>\n\n\n\n<div class=\"wp-block-columns is-layout-flex wp-container-core-columns-is-layout-9d6595d7 wp-block-columns-is-layout-flex\">\n<div class=\"wp-block-column is-layout-flow wp-block-column-is-layout-flow\" style=\"flex-basis:33.33%\">\n<p class=\"has-extra-small-font-size\">Fin octobre 1919, les restes des nefs principale et lat\u00e9rale sud s&rsquo;\u00e9croulent. La nef lat\u00e9rale nord est alors \u00e9tay\u00e9e. Le transept est alors ferm\u00e9 pour permettre l&rsquo;exercice du culte.<br>Collection Fr\u00e9d\u00e9rick Desmons<\/p>\n<\/div>\n\n\n\n<div class=\"wp-block-column is-layout-flow wp-block-column-is-layout-flow\" style=\"flex-basis:66.66%\">\n<figure class=\"wp-block-image size-large is-resized is-style-twentytwentyone-border\"><img loading=\"lazy\" decoding=\"async\" width=\"1024\" height=\"667\" src=\"http:\/\/umkjlli.cluster030.hosting.ovh.net\/wp-content\/uploads\/2022\/10\/CPT9-1024x667.jpg\" alt=\"\" class=\"wp-image-321\" style=\"width:409px;height:266px\" srcset=\"http:\/\/collegiale-saint-piat-seclin.fr\/wp-content\/uploads\/2022\/10\/CPT9-1024x667.jpg 1024w, http:\/\/collegiale-saint-piat-seclin.fr\/wp-content\/uploads\/2022\/10\/CPT9-300x195.jpg 300w, http:\/\/collegiale-saint-piat-seclin.fr\/wp-content\/uploads\/2022\/10\/CPT9-768x500.jpg 768w, http:\/\/collegiale-saint-piat-seclin.fr\/wp-content\/uploads\/2022\/10\/CPT9-1536x1001.jpg 1536w, http:\/\/collegiale-saint-piat-seclin.fr\/wp-content\/uploads\/2022\/10\/CPT9-1568x1022.jpg 1568w, http:\/\/collegiale-saint-piat-seclin.fr\/wp-content\/uploads\/2022\/10\/CPT9.jpg 1650w\" sizes=\"auto, (max-width: 1024px) 100vw, 1024px\" \/><\/figure>\n<\/div>\n<\/div>\n\n\n\n<div class=\"wp-block-columns is-layout-flex wp-container-core-columns-is-layout-9d6595d7 wp-block-columns-is-layout-flex\">\n<div class=\"wp-block-column is-layout-flow wp-block-column-is-layout-flow\">\n<figure class=\"wp-block-image size-large is-style-twentytwentyone-border\"><img loading=\"lazy\" decoding=\"async\" width=\"626\" height=\"1024\" src=\"http:\/\/umkjlli.cluster030.hosting.ovh.net\/wp-content\/uploads\/2022\/10\/CPT10-626x1024.jpg\" alt=\"\" class=\"wp-image-322\" srcset=\"http:\/\/collegiale-saint-piat-seclin.fr\/wp-content\/uploads\/2022\/10\/CPT10-626x1024.jpg 626w, http:\/\/collegiale-saint-piat-seclin.fr\/wp-content\/uploads\/2022\/10\/CPT10-183x300.jpg 183w, http:\/\/collegiale-saint-piat-seclin.fr\/wp-content\/uploads\/2022\/10\/CPT10-768x1257.jpg 768w, http:\/\/collegiale-saint-piat-seclin.fr\/wp-content\/uploads\/2022\/10\/CPT10-938x1536.jpg 938w, http:\/\/collegiale-saint-piat-seclin.fr\/wp-content\/uploads\/2022\/10\/CPT10.jpg 994w\" sizes=\"auto, (max-width: 626px) 100vw, 626px\" \/><\/figure>\n<\/div>\n\n\n\n<div class=\"wp-block-column is-layout-flow wp-block-column-is-layout-flow\">\n<p class=\"has-extra-small-font-size\"><br><br><br><br><br><br><br><br><br>Cette photographie date de septembre 1933. Les travaux de reconstruction de l&rsquo;\u00e9difice touchent \u00e0 leur fin. Ce jour-l\u00e0, les ouvriers posent le coq de la girouette et le paratonnerre sur la fl\u00e8che de la tour de la coll\u00e9giale Saint-Piat.<br><br>Collection Fr\u00e9d\u00e9rick Desmons<\/p>\n<\/div>\n<\/div>\n","protected":false},"excerpt":{"rendered":"<p>Mis \u00e0 jour le 17 novembre 2020 Cette repr\u00e9sentation de la coll\u00e9giale Saint-Piat de Seclin est extraite de l&rsquo;album de Charles de Cro\u00ff (1560-1612). La masse imposante de l&rsquo;\u00e9difice est contrebalanc\u00e9e par l&rsquo;\u00e9l\u00e9gance de la tour du clocher soulign\u00e9e par une balustrade d\u00e9cor\u00e9e, les quatre clochetons et la fl\u00e8che \u00e9lanc\u00e9e. H\u00e9las, le 27 mars 1606,&hellip; <a class=\"more-link\" href=\"http:\/\/collegiale-saint-piat-seclin.fr\/?page_id=387\">Poursuivre la lecture <span class=\"screen-reader-text\">Quelques vues typiques<\/span><\/a><\/p>\n","protected":false},"author":1,"featured_media":0,"parent":300,"menu_order":0,"comment_status":"closed","ping_status":"closed","template":"","meta":{"footnotes":""},"class_list":["post-387","page","type-page","status-publish","hentry","entry"],"_links":{"self":[{"href":"http:\/\/collegiale-saint-piat-seclin.fr\/index.php?rest_route=\/wp\/v2\/pages\/387","targetHints":{"allow":["GET"]}}],"collection":[{"href":"http:\/\/collegiale-saint-piat-seclin.fr\/index.php?rest_route=\/wp\/v2\/pages"}],"about":[{"href":"http:\/\/collegiale-saint-piat-seclin.fr\/index.php?rest_route=\/wp\/v2\/types\/page"}],"author":[{"embeddable":true,"href":"http:\/\/collegiale-saint-piat-seclin.fr\/index.php?rest_route=\/wp\/v2\/users\/1"}],"replies":[{"embeddable":true,"href":"http:\/\/collegiale-saint-piat-seclin.fr\/index.php?rest_route=%2Fwp%2Fv2%2Fcomments&post=387"}],"version-history":[{"count":8,"href":"http:\/\/collegiale-saint-piat-seclin.fr\/index.php?rest_route=\/wp\/v2\/pages\/387\/revisions"}],"predecessor-version":[{"id":809,"href":"http:\/\/collegiale-saint-piat-seclin.fr\/index.php?rest_route=\/wp\/v2\/pages\/387\/revisions\/809"}],"up":[{"embeddable":true,"href":"http:\/\/collegiale-saint-piat-seclin.fr\/index.php?rest_route=\/wp\/v2\/pages\/300"}],"wp:attachment":[{"href":"http:\/\/collegiale-saint-piat-seclin.fr\/index.php?rest_route=%2Fwp%2Fv2%2Fmedia&parent=387"}],"curies":[{"name":"wp","href":"https:\/\/api.w.org\/{rel}","templated":true}]}}