{"id":351,"date":"2022-10-28T16:28:19","date_gmt":"2022-10-28T14:28:19","guid":{"rendered":"http:\/\/umkjlli.cluster030.hosting.ovh.net\/?page_id=351"},"modified":"2026-03-14T11:50:14","modified_gmt":"2026-03-14T10:50:14","slug":"nos-bulletins-collegialinfo","status":"publish","type":"page","link":"http:\/\/collegiale-saint-piat-seclin.fr\/?page_id=351","title":{"rendered":"Nos bulletins Coll\u00e9gial&rsquo;Info"},"content":{"rendered":"\n<p class=\"has-extra-small-font-size\"><br>Mis \u00e0 jour le 14 mars 2026<\/p>\n\n\n\n<p>Pour consulter le bulletin d\u00e9sir\u00e9, double clic sur le nom du bulletin soulign\u00e9.<\/p>\n\n\n\n<div data-wp-interactive=\"core\/file\" class=\"wp-block-file\"><object data-wp-bind--hidden=\"!state.hasPdfPreview\" hidden class=\"wp-block-file__embed\" data=\"http:\/\/collegiale-saint-piat-seclin.fr\/wp-content\/uploads\/2026\/03\/Bulletin-24-2025.pdf\" type=\"application\/pdf\" style=\"width:100%;height:600px\" aria-label=\"Contenu embarqu\u00e9 Bulletin-24 2025.\"><\/object><a id=\"wp-block-file--media-362710db-cae0-4742-b1f8-daa8ddf1f707\" href=\"http:\/\/collegiale-saint-piat-seclin.fr\/wp-content\/uploads\/2026\/03\/Bulletin-24-2025.pdf\">Bulletin-24 2025<\/a><a href=\"http:\/\/collegiale-saint-piat-seclin.fr\/wp-content\/uploads\/2026\/03\/Bulletin-24-2025.pdf\" class=\"wp-block-file__button wp-element-button\" download aria-describedby=\"wp-block-file--media-362710db-cae0-4742-b1f8-daa8ddf1f707\">T\u00e9l\u00e9charger<\/a><\/div>\n\n\n\n<div data-wp-interactive=\"core\/file\" class=\"wp-block-file\"><object data-wp-bind--hidden=\"!state.hasPdfPreview\" hidden class=\"wp-block-file__embed\" data=\"http:\/\/collegiale-saint-piat-seclin.fr\/wp-content\/uploads\/2024\/09\/Bulletin-23.pdf\" type=\"application\/pdf\" style=\"width:100%;height:600px\" aria-label=\"Contenu embarqu\u00e9 Bulletin-23.\"><\/object><a id=\"wp-block-file--media-a4fb0db2-32db-453f-a4a8-93c82d0c2c92\" href=\"http:\/\/collegiale-saint-piat-seclin.fr\/wp-content\/uploads\/2024\/09\/Bulletin-23.pdf\">Bulletin-23<\/a><\/div>\n\n\n\n<div data-wp-interactive=\"core\/file\" class=\"wp-block-file\"><object data-wp-bind--hidden=\"!state.hasPdfPreview\" hidden class=\"wp-block-file__embed\" data=\"http:\/\/collegiale-saint-piat-seclin.fr\/wp-content\/uploads\/2023\/09\/bulletin-22.pdf\" type=\"application\/pdf\" style=\"width:100%;height:600px\" aria-label=\"Contenu embarqu\u00e9 bulletin-22.\"><\/object><a id=\"wp-block-file--media-cf615434-5ab4-41d7-8c34-c6ce629def7f\" href=\"http:\/\/collegiale-saint-piat-seclin.fr\/wp-content\/uploads\/2023\/09\/bulletin-22.pdf\">bulletin-22<\/a><\/div>\n\n\n\n<div data-wp-interactive=\"core\/file\" class=\"wp-block-file\"><object data-wp-bind--hidden=\"!state.hasPdfPreview\" hidden class=\"wp-block-file__embed\" data=\"http:\/\/collegiale-saint-piat-seclin.fr\/wp-content\/uploads\/2022\/10\/bulletin-21.pdf\" type=\"application\/pdf\" style=\"width:100%;height:600px\" aria-label=\"Contenu embarqu\u00e9 bulletin-21.\"><\/object><a id=\"wp-block-file--media-2deb376b-988e-4880-8fdb-643a932e789a\" href=\"http:\/\/collegiale-saint-piat-seclin.fr\/wp-content\/uploads\/2022\/10\/bulletin-21.pdf\">bulletin-21<\/a><\/div>\n\n\n\n<div data-wp-interactive=\"core\/file\" class=\"wp-block-file\"><object data-wp-bind--hidden=\"!state.hasPdfPreview\" hidden class=\"wp-block-file__embed\" data=\"http:\/\/umkjlli.cluster030.hosting.ovh.net\/wp-content\/uploads\/2022\/10\/bulletin-20.pdf\" type=\"application\/pdf\" style=\"width:100%;height:600px\" aria-label=\"Contenu embarqu\u00e9 bulletin-20.\"><\/object><a id=\"wp-block-file--media-e175d239-269b-450f-b53d-c270fda324f8\" href=\"http:\/\/umkjlli.cluster030.hosting.ovh.net\/wp-content\/uploads\/2022\/10\/bulletin-20.pdf\">bulletin-20<\/a><\/div>\n\n\n\n<div data-wp-interactive=\"core\/file\" class=\"wp-block-file\"><object data-wp-bind--hidden=\"!state.hasPdfPreview\" hidden class=\"wp-block-file__embed\" data=\"http:\/\/umkjlli.cluster030.hosting.ovh.net\/wp-content\/uploads\/2022\/10\/bulletin-19.pdf\" type=\"application\/pdf\" style=\"width:100%;height:600px\" aria-label=\"Contenu embarqu\u00e9 bulletin-19.\"><\/object><a id=\"wp-block-file--media-5dabef37-9e1d-4a79-a111-896802136073\" href=\"http:\/\/umkjlli.cluster030.hosting.ovh.net\/wp-content\/uploads\/2022\/10\/bulletin-19.pdf\">bulletin-19<\/a><\/div>\n\n\n\n<div data-wp-interactive=\"core\/file\" class=\"wp-block-file\"><object data-wp-bind--hidden=\"!state.hasPdfPreview\" hidden class=\"wp-block-file__embed\" data=\"http:\/\/umkjlli.cluster030.hosting.ovh.net\/wp-content\/uploads\/2022\/10\/bulletin-18.pdf\" type=\"application\/pdf\" style=\"width:100%;height:600px\" aria-label=\"Contenu embarqu\u00e9 bulletin-18.\"><\/object><a id=\"wp-block-file--media-6b0afb08-ad5d-4d3a-bdbe-a8b048fafec1\" href=\"http:\/\/umkjlli.cluster030.hosting.ovh.net\/wp-content\/uploads\/2022\/10\/bulletin-18.pdf\">bulletin-18<\/a><\/div>\n\n\n\n<div data-wp-interactive=\"core\/file\" class=\"wp-block-file\"><object data-wp-bind--hidden=\"!state.hasPdfPreview\" hidden class=\"wp-block-file__embed\" data=\"http:\/\/umkjlli.cluster030.hosting.ovh.net\/wp-content\/uploads\/2022\/10\/bulletin-17.pdf\" type=\"application\/pdf\" style=\"width:100%;height:600px\" aria-label=\"Contenu embarqu\u00e9 bulletin-17.\"><\/object><a id=\"wp-block-file--media-bbb2ad34-f877-46ab-9833-d9a05491625c\" href=\"http:\/\/umkjlli.cluster030.hosting.ovh.net\/wp-content\/uploads\/2022\/10\/bulletin-17.pdf\">bulletin-17<\/a><\/div>\n\n\n\n<div data-wp-interactive=\"core\/file\" class=\"wp-block-file\"><object data-wp-bind--hidden=\"!state.hasPdfPreview\" hidden class=\"wp-block-file__embed\" data=\"http:\/\/umkjlli.cluster030.hosting.ovh.net\/wp-content\/uploads\/2022\/10\/bulletin-16.pdf\" type=\"application\/pdf\" style=\"width:100%;height:600px\" aria-label=\"Contenu embarqu\u00e9 bulletin-16.\"><\/object><a id=\"wp-block-file--media-0281a4c3-df3c-4531-a1d9-203b81e6cda3\" href=\"http:\/\/umkjlli.cluster030.hosting.ovh.net\/wp-content\/uploads\/2022\/10\/bulletin-16.pdf\">bulletin-16<\/a><\/div>\n\n\n\n<div data-wp-interactive=\"core\/file\" class=\"wp-block-file\"><object data-wp-bind--hidden=\"!state.hasPdfPreview\" hidden class=\"wp-block-file__embed\" data=\"http:\/\/umkjlli.cluster030.hosting.ovh.net\/wp-content\/uploads\/2022\/10\/bulletin-15.pdf\" type=\"application\/pdf\" style=\"width:100%;height:600px\" aria-label=\"Contenu embarqu\u00e9 bulletin-15.\"><\/object><a id=\"wp-block-file--media-dd1e38fd-1c98-47a2-b82b-257576385cb7\" href=\"http:\/\/umkjlli.cluster030.hosting.ovh.net\/wp-content\/uploads\/2022\/10\/bulletin-15.pdf\">bulletin-15<\/a><\/div>\n\n\n\n<div data-wp-interactive=\"core\/file\" class=\"wp-block-file\"><object data-wp-bind--hidden=\"!state.hasPdfPreview\" hidden class=\"wp-block-file__embed\" data=\"http:\/\/umkjlli.cluster030.hosting.ovh.net\/wp-content\/uploads\/2022\/10\/bulletin-14.pdf\" type=\"application\/pdf\" style=\"width:100%;height:600px\" aria-label=\"Contenu embarqu\u00e9 bulletin-14.\"><\/object><a id=\"wp-block-file--media-1285ebcc-7816-49de-9239-bfc6013722e6\" href=\"http:\/\/umkjlli.cluster030.hosting.ovh.net\/wp-content\/uploads\/2022\/10\/bulletin-14.pdf\">bulletin-14<\/a><\/div>\n\n\n\n<div data-wp-interactive=\"core\/file\" class=\"wp-block-file\"><object data-wp-bind--hidden=\"!state.hasPdfPreview\" hidden class=\"wp-block-file__embed\" data=\"http:\/\/umkjlli.cluster030.hosting.ovh.net\/wp-content\/uploads\/2022\/10\/bulletin-13.pdf\" type=\"application\/pdf\" style=\"width:100%;height:600px\" aria-label=\"Contenu embarqu\u00e9 bulletin-13.\"><\/object><a id=\"wp-block-file--media-ed41f43b-e2be-425c-bdd4-9ec48894e22b\" href=\"http:\/\/umkjlli.cluster030.hosting.ovh.net\/wp-content\/uploads\/2022\/10\/bulletin-13.pdf\">bulletin-13<\/a><\/div>\n\n\n\n<div data-wp-interactive=\"core\/file\" class=\"wp-block-file\"><object data-wp-bind--hidden=\"!state.hasPdfPreview\" hidden class=\"wp-block-file__embed\" data=\"http:\/\/umkjlli.cluster030.hosting.ovh.net\/wp-content\/uploads\/2022\/10\/bulletin-12.pdf\" type=\"application\/pdf\" style=\"width:100%;height:600px\" aria-label=\"Contenu embarqu\u00e9 bulletin-12.\"><\/object><a id=\"wp-block-file--media-a1860fb2-d6d0-4d09-bcac-b4b10167dc85\" href=\"http:\/\/umkjlli.cluster030.hosting.ovh.net\/wp-content\/uploads\/2022\/10\/bulletin-12.pdf\">bulletin-12<\/a><\/div>\n\n\n\n<div data-wp-interactive=\"core\/file\" class=\"wp-block-file\"><object data-wp-bind--hidden=\"!state.hasPdfPreview\" hidden class=\"wp-block-file__embed\" data=\"http:\/\/umkjlli.cluster030.hosting.ovh.net\/wp-content\/uploads\/2022\/10\/bulletin-11.pdf\" type=\"application\/pdf\" style=\"width:100%;height:600px\" aria-label=\"Contenu embarqu\u00e9 bulletin-11.\"><\/object><a id=\"wp-block-file--media-a5dd7b72-d998-4f82-93fe-18071b4dd54a\" href=\"http:\/\/umkjlli.cluster030.hosting.ovh.net\/wp-content\/uploads\/2022\/10\/bulletin-11.pdf\">bulletin-11<\/a><\/div>\n\n\n\n<div data-wp-interactive=\"core\/file\" class=\"wp-block-file\"><object data-wp-bind--hidden=\"!state.hasPdfPreview\" hidden class=\"wp-block-file__embed\" data=\"http:\/\/umkjlli.cluster030.hosting.ovh.net\/wp-content\/uploads\/2022\/10\/bulletin-10.pdf\" type=\"application\/pdf\" style=\"width:100%;height:600px\" aria-label=\"Contenu embarqu\u00e9 bulletin-10.\"><\/object><a id=\"wp-block-file--media-59abf627-5e9f-4b2c-ada2-b8b49ca05226\" href=\"http:\/\/umkjlli.cluster030.hosting.ovh.net\/wp-content\/uploads\/2022\/10\/bulletin-10.pdf\">bulletin-10<\/a><\/div>\n\n\n\n<div data-wp-interactive=\"core\/file\" class=\"wp-block-file\"><object data-wp-bind--hidden=\"!state.hasPdfPreview\" hidden class=\"wp-block-file__embed\" data=\"http:\/\/umkjlli.cluster030.hosting.ovh.net\/wp-content\/uploads\/2022\/10\/bulletin-9.pdf\" type=\"application\/pdf\" style=\"width:100%;height:600px\" aria-label=\"Contenu embarqu\u00e9 bulletin-9.\"><\/object><a id=\"wp-block-file--media-87cf6c29-9c21-4207-89e8-bd0115f03415\" href=\"http:\/\/umkjlli.cluster030.hosting.ovh.net\/wp-content\/uploads\/2022\/10\/bulletin-9.pdf\">bulletin-9<\/a><\/div>\n\n\n\n<div data-wp-interactive=\"core\/file\" class=\"wp-block-file\"><object data-wp-bind--hidden=\"!state.hasPdfPreview\" hidden class=\"wp-block-file__embed\" data=\"http:\/\/umkjlli.cluster030.hosting.ovh.net\/wp-content\/uploads\/2022\/10\/bulletin-8.pdf\" type=\"application\/pdf\" style=\"width:100%;height:600px\" aria-label=\"Contenu embarqu\u00e9 bulletin-8.\"><\/object><a id=\"wp-block-file--media-302aab0d-fb0d-4627-9025-673866ec3f17\" href=\"http:\/\/umkjlli.cluster030.hosting.ovh.net\/wp-content\/uploads\/2022\/10\/bulletin-8.pdf\">bulletin-8<\/a><\/div>\n\n\n\n<div data-wp-interactive=\"core\/file\" class=\"wp-block-file\"><object data-wp-bind--hidden=\"!state.hasPdfPreview\" hidden class=\"wp-block-file__embed\" data=\"http:\/\/umkjlli.cluster030.hosting.ovh.net\/wp-content\/uploads\/2022\/10\/bulletin-7.pdf\" type=\"application\/pdf\" style=\"width:100%;height:600px\" aria-label=\"Contenu embarqu\u00e9 bulletin-7.\"><\/object><a id=\"wp-block-file--media-0f4e487a-0e85-41e8-a950-000ba1395205\" href=\"http:\/\/umkjlli.cluster030.hosting.ovh.net\/wp-content\/uploads\/2022\/10\/bulletin-7.pdf\">bulletin-7<\/a><\/div>\n\n\n\n<div data-wp-interactive=\"core\/file\" class=\"wp-block-file\"><object data-wp-bind--hidden=\"!state.hasPdfPreview\" hidden class=\"wp-block-file__embed\" data=\"http:\/\/umkjlli.cluster030.hosting.ovh.net\/wp-content\/uploads\/2022\/10\/bulletin-6.pdf\" type=\"application\/pdf\" style=\"width:100%;height:600px\" aria-label=\"Contenu embarqu\u00e9 bulletin-6.\"><\/object><a id=\"wp-block-file--media-4ee990c9-38a1-44db-b6fb-b50c662dea47\" href=\"http:\/\/umkjlli.cluster030.hosting.ovh.net\/wp-content\/uploads\/2022\/10\/bulletin-6.pdf\">bulletin-6<\/a><\/div>\n\n\n\n<div data-wp-interactive=\"core\/file\" class=\"wp-block-file\"><object data-wp-bind--hidden=\"!state.hasPdfPreview\" hidden class=\"wp-block-file__embed\" data=\"http:\/\/umkjlli.cluster030.hosting.ovh.net\/wp-content\/uploads\/2022\/10\/bulletin-5.pdf\" type=\"application\/pdf\" style=\"width:100%;height:600px\" aria-label=\"Contenu embarqu\u00e9 bulletin-5.\"><\/object><a id=\"wp-block-file--media-6c729578-7a29-4fad-b1a2-f61c86625126\" href=\"http:\/\/umkjlli.cluster030.hosting.ovh.net\/wp-content\/uploads\/2022\/10\/bulletin-5.pdf\">bulletin-5<\/a><\/div>\n\n\n\n<div data-wp-interactive=\"core\/file\" class=\"wp-block-file\"><object data-wp-bind--hidden=\"!state.hasPdfPreview\" hidden class=\"wp-block-file__embed\" data=\"http:\/\/umkjlli.cluster030.hosting.ovh.net\/wp-content\/uploads\/2022\/10\/bulletin-4.pdf\" type=\"application\/pdf\" style=\"width:100%;height:600px\" aria-label=\"Contenu embarqu\u00e9 bulletin-4.\"><\/object><a id=\"wp-block-file--media-a5ac0340-52f7-4ad1-b853-b363269744fc\" href=\"http:\/\/umkjlli.cluster030.hosting.ovh.net\/wp-content\/uploads\/2022\/10\/bulletin-4.pdf\">bulletin-4<\/a><\/div>\n\n\n\n<div data-wp-interactive=\"core\/file\" class=\"wp-block-file\"><object data-wp-bind--hidden=\"!state.hasPdfPreview\" hidden class=\"wp-block-file__embed\" data=\"http:\/\/umkjlli.cluster030.hosting.ovh.net\/wp-content\/uploads\/2022\/10\/bulletin-3.pdf\" type=\"application\/pdf\" style=\"width:100%;height:600px\" aria-label=\"Contenu embarqu\u00e9 bulletin-3.\"><\/object><a id=\"wp-block-file--media-342e294f-bf3f-40c0-807b-58cd33bf3b73\" href=\"http:\/\/umkjlli.cluster030.hosting.ovh.net\/wp-content\/uploads\/2022\/10\/bulletin-3.pdf\">bulletin-3<\/a><\/div>\n\n\n\n<div data-wp-interactive=\"core\/file\" class=\"wp-block-file\"><object data-wp-bind--hidden=\"!state.hasPdfPreview\" hidden class=\"wp-block-file__embed\" data=\"http:\/\/umkjlli.cluster030.hosting.ovh.net\/wp-content\/uploads\/2022\/10\/bulletin-2.pdf\" type=\"application\/pdf\" style=\"width:100%;height:600px\" aria-label=\"Contenu embarqu\u00e9 bulletin-2.\"><\/object><a id=\"wp-block-file--media-ad4e4edd-95a4-471b-b492-9b2c1b1779b2\" href=\"http:\/\/umkjlli.cluster030.hosting.ovh.net\/wp-content\/uploads\/2022\/10\/bulletin-2.pdf\">bulletin-2<\/a><\/div>\n\n\n\n<div data-wp-interactive=\"core\/file\" class=\"wp-block-file\"><object data-wp-bind--hidden=\"!state.hasPdfPreview\" hidden class=\"wp-block-file__embed\" data=\"http:\/\/umkjlli.cluster030.hosting.ovh.net\/wp-content\/uploads\/2022\/10\/bulletin-1.pdf\" type=\"application\/pdf\" style=\"width:100%;height:600px\" aria-label=\"Contenu embarqu\u00e9 bulletin-1.\"><\/object><a id=\"wp-block-file--media-fddf8087-a810-4292-9974-205091a28673\" href=\"http:\/\/umkjlli.cluster030.hosting.ovh.net\/wp-content\/uploads\/2022\/10\/bulletin-1.pdf\">bulletin-1<\/a><\/div>\n","protected":false},"excerpt":{"rendered":"<p>Mis \u00e0 jour le 14 mars 2026 Pour consulter le bulletin d\u00e9sir\u00e9, double clic sur le nom du bulletin soulign\u00e9.<\/p>\n","protected":false},"author":1,"featured_media":0,"parent":300,"menu_order":-1,"comment_status":"closed","ping_status":"closed","template":"","meta":{"footnotes":""},"class_list":["post-351","page","type-page","status-publish","hentry","entry"],"_links":{"self":[{"href":"http:\/\/collegiale-saint-piat-seclin.fr\/index.php?rest_route=\/wp\/v2\/pages\/351","targetHints":{"allow":["GET"]}}],"collection":[{"href":"http:\/\/collegiale-saint-piat-seclin.fr\/index.php?rest_route=\/wp\/v2\/pages"}],"about":[{"href":"http:\/\/collegiale-saint-piat-seclin.fr\/index.php?rest_route=\/wp\/v2\/types\/page"}],"author":[{"embeddable":true,"href":"http:\/\/collegiale-saint-piat-seclin.fr\/index.php?rest_route=\/wp\/v2\/users\/1"}],"replies":[{"embeddable":true,"href":"http:\/\/collegiale-saint-piat-seclin.fr\/index.php?rest_route=%2Fwp%2Fv2%2Fcomments&post=351"}],"version-history":[{"count":20,"href":"http:\/\/collegiale-saint-piat-seclin.fr\/index.php?rest_route=\/wp\/v2\/pages\/351\/revisions"}],"predecessor-version":[{"id":1236,"href":"http:\/\/collegiale-saint-piat-seclin.fr\/index.php?rest_route=\/wp\/v2\/pages\/351\/revisions\/1236"}],"up":[{"embeddable":true,"href":"http:\/\/collegiale-saint-piat-seclin.fr\/index.php?rest_route=\/wp\/v2\/pages\/300"}],"wp:attachment":[{"href":"http:\/\/collegiale-saint-piat-seclin.fr\/index.php?rest_route=%2Fwp%2Fv2%2Fmedia&parent=351"}],"curies":[{"name":"wp","href":"https:\/\/api.w.org\/{rel}","templated":true}]}}